{"id":612,"date":"2026-01-08T22:43:47","date_gmt":"2026-01-08T22:43:47","guid":{"rendered":"http:\/\/blog.ramirocastrejon.com\/home\/"},"modified":"2026-01-29T20:53:18","modified_gmt":"2026-01-29T20:53:18","slug":"home","status":"publish","type":"page","link":"https:\/\/blog.ramirocastrejon.com\/pt\/","title":{"rendered":"Home"},"content":{"rendered":"\n<div class=\"wp-block-uagb-container uagb-block-90ea410d alignfull uagb-is-root-container\"><div class=\"uagb-container-inner-blocks-wrap\">\n<div class=\"wp-block-uagb-container uagb-block-c682a626\">\n<div class=\"wp-block-uagb-advanced-heading uagb-block-e52a9c9b\"><h6 class=\"uagb-heading-text\">Ramiro Castrej\u00f3n: Ideas y an\u00e1lisis para convertir decisiones en resultados<\/h6><\/div>\n\n\n\n<div class=\"wp-block-uagb-advanced-heading uagb-block-376bff89\"><h1 class=\"uagb-heading-text\">Estrategia, marketing y crecimiento desde el punto de venta<\/h1><\/div>\n\n\n\n<div class=\"wp-block-uagb-container uagb-block-867ed971\">\n<div class=\"wp-block-uagb-container uagb-block-3a6a36f3\">\n<div class=\"wp-block-uagb-advanced-heading uagb-block-ed6ac842\"><h4 class=\"uagb-heading-text\">suscribete a mi newsletter en <a href=\"https:\/\/www.linkedin.com\/build-relation\/newsletter-follow?entityUrn=7390840577824620544\" target=\"_blank\" rel=\"noopener\" title=\"\">linkedin<\/a><\/h4><\/div>\n<\/div>\n\n\n\n<div class=\"wp-block-uagb-container uagb-block-0f45e90c\">\n<div class=\"wp-block-uagb-advanced-heading uagb-block-8e71c4bb\"><div class=\"uagb-separator\"><\/div><h2 class=\"uagb-heading-text\">+1,000<\/h2><\/div>\n\n\n\n<div class=\"wp-block-uagb-advanced-heading uagb-block-5345f546\"><h4 class=\"uagb-heading-text\">profesionales<\/h4><\/div>\n<\/div>\n<\/div>\n<\/div>\n<\/div><\/div>\n\n\n\n<div class=\"wp-block-uagb-container uagb-block-38e0aabd alignfull uagb-is-root-container\"><div class=\"uagb-container-inner-blocks-wrap\">\n<div class=\"wp-block-uagb-container uagb-block-e9decc2f\">\n<div class=\"wp-block-uagb-advanced-heading uagb-block-8701e5a3\"><h6 class=\"uagb-heading-text\">Mi experiencia en LATAM<\/h6><\/div>\n\n\n\n<figure class=\"wp-block-image size-large\"><img decoding=\"async\" src=\"https:\/\/blog.ramirocastrejon.com\/wp-content\/uploads\/2026\/01\/pack-logos-ram-trade-on-1024x206.png\" alt=\"\"\/><\/figure>\n<\/div>\n<\/div><\/div>\n\n\n\n<div class=\"wp-block-uagb-container uagb-block-9446aada alignfull uagb-is-root-container\"><div class=\"uagb-container-inner-blocks-wrap\">\n<div class=\"wp-block-uagb-container uagb-block-c0bef94c\">\n<div class=\"wp-block-uagb-info-box uagb-block-a923c00a uagb-infobox__content-wrap  uagb-infobox-icon-above-title uagb-infobox-image-valign-top\"><div class=\"uagb-ifb-content\"><div class=\"uagb-ifb-separator\"><\/div><div class=\"uagb-ifb-title-wrap\"><h2 class=\"uagb-ifb-title\">\u00daltimos Posts<\/h2><\/div><\/div><\/div>\n\n\n\n\t\t\t<div class=\"wp-block-uagb-post-grid uagb-post-grid  uagb-post__image-position-top uagb-post__image-enabled uagb-block-74a0d33e     uagb-post__items uagb-post__columns-3 is-grid uagb-post__columns-tablet-3 uagb-post__columns-mobile-1 uagb-post__equal-height\" data-total=\"6\" style=\"\">\n\n\t\t\t\t\t\t\t\t\t\t\t\t<article class=\"uagb-post__inner-wrap\">\t\t\t\t\t\t\t\t<div class='uagb-post__image'>\n\t\t\t\t\t\t\t\t\t<a href=\"https:\/\/blog.ramirocastrejon.com\/pt\/gestion-del-equipo-de-campo-promotoria-tu-estrategia-perfecta-muere-sin-ellos-oda-al-promotor\/\" target=\"_self\" rel=\"bookmark noopener noreferrer\" class='uagb-image-ratio-2-3'><img loading=\"lazy\" decoding=\"async\" width=\"1024\" height=\"1024\" src=\"https:\/\/blog.ramirocastrejon.com\/wp-content\/uploads\/2026\/01\/14-equipo-de-campo-y-promotoria.png\" class=\"attachment-full size-full\" alt=\"promotor\u00eda y equipo de campo\" srcset=\"https:\/\/blog.ramirocastrejon.com\/wp-content\/uploads\/2026\/01\/14-equipo-de-campo-y-promotoria.png 1024w, https:\/\/blog.ramirocastrejon.com\/wp-content\/uploads\/2026\/01\/14-equipo-de-campo-y-promotoria-300x300.png 300w, https:\/\/blog.ramirocastrejon.com\/wp-content\/uploads\/2026\/01\/14-equipo-de-campo-y-promotoria-150x150.png 150w, https:\/\/blog.ramirocastrejon.com\/wp-content\/uploads\/2026\/01\/14-equipo-de-campo-y-promotoria-768x768.png 768w\" sizes=\"auto, (max-width: 1024px) 100vw, 1024px\" \/>\t\t\t\t\t<\/a>\n\t\t\t\t\t\t\t<\/div>\n\t\t\t\t\t\t\t<div class=\"uagb-post__text\">\n\t\t\t\t\t<span class='uagb-post__taxonomy default'>\n\t\t\t\t\t\t\t\t\t\t\t\t<a href=\"https:\/\/blog.ramirocastrejon.com\/pt\/category\/trade-marketing\/\">trade marketing<\/a>\t\t\t\t\t<\/span>\n\t\t\t\t<\/div>\n\t\t\t\t\t\t\t<h4 class=\"uagb-post__title uagb-post__text\">\n\t\t\t\t<a href=\"https:\/\/blog.ramirocastrejon.com\/pt\/gestion-del-equipo-de-campo-promotoria-tu-estrategia-perfecta-muere-sin-ellos-oda-al-promotor\/\" target=\"_self\" rel=\"bookmark noopener noreferrer\">Gesti\u00f3n del Equipo de Campo (Promotor\u00eda): Tu estrategia perfecta muere sin ellos: Oda al Promotor<\/a>\n\t\t\t<\/h4>\n\t\t\t\t\t\t<div class='uagb-post__text uagb-post-grid-byline'>\n\t\t\t\t\t\t\t<\/div>\n\t\t\t\t\t\t\t<div class='uagb-post__text uagb-post__excerpt'>\n\t\t\t\t\t<p>Gesti\u00f3n del Equipo de Campo (Promotor\u00eda): Tu estrategia perfecta muere sin ellos: Oda al Promotor&#8230;\t\t\t\t<\/div>\n\t\t\t\n\t\t\t\t\t\t\t\t\t<\/article>\n\t\t\t\t\t\t\t\t\t\t\t\t\t\t\t\t<article class=\"uagb-post__inner-wrap\">\t\t\t\t\t\t\t\t<div class='uagb-post__image'>\n\t\t\t\t\t\t\t\t\t<a href=\"https:\/\/blog.ramirocastrejon.com\/pt\/bajar-el-precio-es-facil-construir-valor-es-el-reto-promociones-inteligentes-vs-descuentos\/\" target=\"_self\" rel=\"bookmark noopener noreferrer\" class='uagb-image-ratio-2-3'><img loading=\"lazy\" decoding=\"async\" width=\"1024\" height=\"1024\" src=\"https:\/\/blog.ramirocastrejon.com\/wp-content\/uploads\/2026\/01\/13-ofertas-y-descuentos-en-el-pdv.png\" class=\"attachment-full size-full\" alt=\"ofertas y descuentos inteligentes en el pdv\" srcset=\"https:\/\/blog.ramirocastrejon.com\/wp-content\/uploads\/2026\/01\/13-ofertas-y-descuentos-en-el-pdv.png 1024w, https:\/\/blog.ramirocastrejon.com\/wp-content\/uploads\/2026\/01\/13-ofertas-y-descuentos-en-el-pdv-300x300.png 300w, https:\/\/blog.ramirocastrejon.com\/wp-content\/uploads\/2026\/01\/13-ofertas-y-descuentos-en-el-pdv-150x150.png 150w, https:\/\/blog.ramirocastrejon.com\/wp-content\/uploads\/2026\/01\/13-ofertas-y-descuentos-en-el-pdv-768x768.png 768w\" sizes=\"auto, (max-width: 1024px) 100vw, 1024px\" \/>\t\t\t\t\t<\/a>\n\t\t\t\t\t\t\t<\/div>\n\t\t\t\t\t\t\t<div class=\"uagb-post__text\">\n\t\t\t\t\t<span class='uagb-post__taxonomy default'>\n\t\t\t\t\t\t\t\t\t\t\t\t<a href=\"https:\/\/blog.ramirocastrejon.com\/pt\/category\/trade-marketing\/\">trade marketing<\/a>\t\t\t\t\t<\/span>\n\t\t\t\t<\/div>\n\t\t\t\t\t\t\t<h4 class=\"uagb-post__title uagb-post__text\">\n\t\t\t\t<a href=\"https:\/\/blog.ramirocastrejon.com\/pt\/bajar-el-precio-es-facil-construir-valor-es-el-reto-promociones-inteligentes-vs-descuentos\/\" target=\"_self\" rel=\"bookmark noopener noreferrer\">Bajar el precio es f\u00e1cil, construir valor es el reto: Promociones Inteligentes vs. Descuentos<\/a>\n\t\t\t<\/h4>\n\t\t\t\t\t\t<div class='uagb-post__text uagb-post-grid-byline'>\n\t\t\t\t\t\t\t<\/div>\n\t\t\t\t\t\t\t<div class='uagb-post__text uagb-post__excerpt'>\n\t\t\t\t\t<p>\u00a0Bajar el precio es f\u00e1cil, construir valor es el reto: Promociones Inteligentes vs. Descuentos El&#8230;\t\t\t\t<\/div>\n\t\t\t\n\t\t\t\t\t\t\t\t\t<\/article>\n\t\t\t\t\t\t\t\t\t\t\t\t\t\t\t\t<article class=\"uagb-post__inner-wrap\">\t\t\t\t\t\t\t\t<div class='uagb-post__image'>\n\t\t\t\t\t\t\t\t\t<a href=\"https:\/\/blog.ramirocastrejon.com\/pt\/el-arte-de-vender-papas-en-el-pasillo-de-las-cervezas-cross-merchandising-venta-cruzada\/\" target=\"_self\" rel=\"bookmark noopener noreferrer\" class='uagb-image-ratio-2-3'><img loading=\"lazy\" decoding=\"async\" width=\"1024\" height=\"724\" src=\"https:\/\/blog.ramirocastrejon.com\/wp-content\/uploads\/2026\/01\/12-papas-y-cervezas-venta-cruzada-e1769713122446.png\" class=\"attachment-full size-full\" alt=\"venta cruzada: el arte de vender\" srcset=\"https:\/\/blog.ramirocastrejon.com\/wp-content\/uploads\/2026\/01\/12-papas-y-cervezas-venta-cruzada-e1769713122446.png 1024w, https:\/\/blog.ramirocastrejon.com\/wp-content\/uploads\/2026\/01\/12-papas-y-cervezas-venta-cruzada-e1769713122446-300x212.png 300w, https:\/\/blog.ramirocastrejon.com\/wp-content\/uploads\/2026\/01\/12-papas-y-cervezas-venta-cruzada-e1769713122446-768x543.png 768w\" sizes=\"auto, (max-width: 1024px) 100vw, 1024px\" \/>\t\t\t\t\t<\/a>\n\t\t\t\t\t\t\t<\/div>\n\t\t\t\t\t\t\t<div class=\"uagb-post__text\">\n\t\t\t\t\t<span class='uagb-post__taxonomy default'>\n\t\t\t\t\t\t\t\t\t\t\t\t<a href=\"https:\/\/blog.ramirocastrejon.com\/pt\/category\/trade-marketing\/\">trade marketing<\/a>\t\t\t\t\t<\/span>\n\t\t\t\t<\/div>\n\t\t\t\t\t\t\t<h4 class=\"uagb-post__title uagb-post__text\">\n\t\t\t\t<a href=\"https:\/\/blog.ramirocastrejon.com\/pt\/el-arte-de-vender-papas-en-el-pasillo-de-las-cervezas-cross-merchandising-venta-cruzada\/\" target=\"_self\" rel=\"bookmark noopener noreferrer\">El arte de vender papas en el pasillo de las cervezas: Cross-Merchandising (Venta Cruzada)<\/a>\n\t\t\t<\/h4>\n\t\t\t\t\t\t<div class='uagb-post__text uagb-post-grid-byline'>\n\t\t\t\t\t\t\t<\/div>\n\t\t\t\t\t\t\t<div class='uagb-post__text uagb-post__excerpt'>\n\t\t\t\t\t<p>El arte de vender papas en el pasillo de las cervezas: Cross-Merchandising (Venta Cruzada) \u00bfC\u00f3mo&#8230;\t\t\t\t<\/div>\n\t\t\t\n\t\t\t\t\t\t\t\t\t<\/article>\n\t\t\t\t\t\t\t\t\t\t\t<\/div>\n\t\t\t<\/div>\n<\/div><\/div>\n\n\n\n<div class=\"wp-block-uagb-container uagb-block-c4229abf alignfull uagb-is-root-container\"><div class=\"uagb-container-inner-blocks-wrap\">\n<div class=\"wp-block-uagb-container uagb-block-032e7c92\">\n<div class=\"wp-block-uagb-info-box uagb-block-d841f8c8 uagb-infobox__content-wrap  uagb-infobox-icon-above-title uagb-infobox-image-valign-top\"><div class=\"uagb-ifb-content\"><div class=\"uagb-ifb-separator\"><\/div><div class=\"uagb-ifb-title-wrap\"><h2 class=\"uagb-ifb-title\">agenda una sesi\u00f3n conmigo<\/h2><\/div><\/div><\/div>\n\n\n\n<div class=\"wp-block-uagb-container uagb-block-8fb7e5fe\">\n<div class=\"wp-block-uagb-container uagb-block-7a87c932\">\n<div class=\"wp-block-uagb-image aligncenter uagb-block-2043c676 wp-block-uagb-image--layout-default wp-block-uagb-image--effect-static wp-block-uagb-image--align-center\"><figure class=\"wp-block-uagb-image__figure\"><img decoding=\"async\" srcset=\"https:\/\/blog.ramirocastrejon.com\/wp-content\/uploads\/2026\/01\/1-consultoria-estrategica.png ,https:\/\/blog.ramirocastrejon.com\/wp-content\/uploads\/2026\/01\/1-consultoria-estrategica.png 780w, https:\/\/blog.ramirocastrejon.com\/wp-content\/uploads\/2026\/01\/1-consultoria-estrategica.png 360w\" sizes=\"auto, (max-width: 480px) 150px\" src=\"https:\/\/blog.ramirocastrejon.com\/wp-content\/uploads\/2026\/01\/1-consultoria-estrategica.png\" alt=\"\" class=\"uag-image-1465\" width=\"370\" height=\"250\" title=\"1 consultoria estrategica\" loading=\"lazy\" role=\"img\"\/><\/figure><\/div>\n\n\n\n<div class=\"wp-block-uagb-advanced-heading uagb-block-75c4d212\"><h3 class=\"uagb-heading-text\">Consultor\u00eda Estrat\u00e9gica<\/h3><\/div>\n<\/div>\n\n\n\n<div class=\"wp-block-uagb-container uagb-block-93ea93d1\">\n<div class=\"wp-block-uagb-image aligncenter uagb-block-d174ff2f wp-block-uagb-image--layout-default wp-block-uagb-image--effect-static wp-block-uagb-image--align-center\"><figure class=\"wp-block-uagb-image__figure\"><img decoding=\"async\" srcset=\"https:\/\/blog.ramirocastrejon.com\/wp-content\/uploads\/2026\/01\/2-capacitacion-especializada.png ,https:\/\/blog.ramirocastrejon.com\/wp-content\/uploads\/2026\/01\/2-capacitacion-especializada.png 780w, https:\/\/blog.ramirocastrejon.com\/wp-content\/uploads\/2026\/01\/2-capacitacion-especializada.png 360w\" sizes=\"auto, (max-width: 480px) 150px\" src=\"https:\/\/blog.ramirocastrejon.com\/wp-content\/uploads\/2026\/01\/2-capacitacion-especializada.png\" alt=\"\" class=\"uag-image-1466\" width=\"370\" height=\"250\" title=\"2 capacitacion especializada\" loading=\"lazy\" role=\"img\"\/><\/figure><\/div>\n\n\n\n<div class=\"wp-block-uagb-advanced-heading uagb-block-9f227da9\"><h3 class=\"uagb-heading-text\">Capacitaci\u00f3n Especializada<\/h3><\/div>\n<\/div>\n\n\n\n<div class=\"wp-block-uagb-container uagb-block-d77bacec\">\n<div class=\"wp-block-uagb-image aligncenter uagb-block-a7aba33e wp-block-uagb-image--layout-default wp-block-uagb-image--effect-static wp-block-uagb-image--align-center\"><figure class=\"wp-block-uagb-image__figure\"><img decoding=\"async\" srcset=\"https:\/\/blog.ramirocastrejon.com\/wp-content\/uploads\/2026\/01\/3-coaching-y-speaking.png ,https:\/\/blog.ramirocastrejon.com\/wp-content\/uploads\/2026\/01\/3-coaching-y-speaking.png 780w, https:\/\/blog.ramirocastrejon.com\/wp-content\/uploads\/2026\/01\/3-coaching-y-speaking.png 360w\" sizes=\"auto, (max-width: 480px) 150px\" src=\"https:\/\/blog.ramirocastrejon.com\/wp-content\/uploads\/2026\/01\/3-coaching-y-speaking.png\" alt=\"\" class=\"uag-image-1467\" width=\"370\" height=\"250\" title=\"3 coaching y speaking\" loading=\"lazy\" role=\"img\"\/><\/figure><\/div>\n\n\n\n<div class=\"wp-block-uagb-advanced-heading uagb-block-beaddbe6\"><h3 class=\"uagb-heading-text\">Coaching y Speaking<\/h3><\/div>\n<\/div>\n<\/div>\n\n\n\n<div class=\"wp-block-uagb-buttons uagb-buttons__outer-wrap uagb-btn__default-btn uagb-btn-tablet__default-btn uagb-btn-mobile__default-btn uagb-block-8b9a10c0\"><div class=\"uagb-buttons__wrap uagb-buttons-layout-wrap \">\n<div class=\"wp-block-uagb-buttons-child uagb-buttons__outer-wrap uagb-block-2484a753 wp-block-button\"><div class=\"uagb-button__wrapper\"><a class=\"uagb-buttons-repeater wp-block-button__link\" aria-label=\"\" href=\"https:\/\/api.whatsapp.com\/send?phone=https:\/\/wa.me\/+525591860980\" rel=\"follow noopener\" target=\"_blank\" role=\"button\"><div class=\"uagb-button__link\">env\u00edame un mensaje a mi whatsapp<\/div><\/a><\/div><\/div>\n<\/div><\/div>\n<\/div>\n<\/div><\/div>\n\n\n\n<div class=\"wp-block-uagb-container uagb-block-b66f62b0 alignfull uagb-is-root-container\"><div class=\"uagb-container-inner-blocks-wrap\">\n<div class=\"wp-block-uagb-image uagb-block-0c50fc4d wp-block-uagb-image--layout-default wp-block-uagb-image--effect-static wp-block-uagb-image--align-none\"><figure class=\"wp-block-uagb-image__figure\"><img decoding=\"async\" srcset=\"https:\/\/blog.ramirocastrejon.com\/wp-content\/uploads\/2026\/01\/logo-ram-trade-marketing-White.png ,https:\/\/blog.ramirocastrejon.com\/wp-content\/uploads\/2026\/01\/logo-ram-trade-marketing-White.png 780w, https:\/\/blog.ramirocastrejon.com\/wp-content\/uploads\/2026\/01\/logo-ram-trade-marketing-White.png 360w\" sizes=\"auto, (max-width: 480px) 150px\" src=\"https:\/\/blog.ramirocastrejon.com\/wp-content\/uploads\/2026\/01\/logo-ram-trade-marketing-White.png\" alt=\"ramiro castrejon trade marketing\" class=\"uag-image-1470\" width=\"500\" height=\"500\" title=\"logo ram trade marketing White\" loading=\"lazy\" role=\"img\"\/><\/figure><\/div>\n<\/div><\/div>\n","protected":false},"excerpt":{"rendered":"<p>Ramiro Castrej\u00f3n: Ideas y an\u00e1lisis para convertir decisiones en resultados Estrategia, marketing y crecimiento desde el punto de venta suscribete a mi newsletter en linkedin +1,000 profesionales Mi experiencia en LATAM \u00daltimos Posts agenda una sesi\u00f3n conmigo Consultor\u00eda Estrat\u00e9gica Capacitaci\u00f3n Especializada Coaching y Speaking env\u00edame un mensaje a mi whatsapp<\/p>\n","protected":false},"author":1,"featured_media":0,"parent":0,"menu_order":0,"comment_status":"closed","ping_status":"closed","template":"","meta":{"_uag_custom_page_level_css":"","site-sidebar-layout":"default","site-content-layout":"page-builder","ast-site-content-layout":"full-width-container","site-content-style":"unboxed","site-sidebar-style":"unboxed","ast-global-header-display":"","ast-banner-title-visibility":"","ast-main-header-display":"","ast-hfb-above-header-display":"","ast-hfb-below-header-display":"","ast-hfb-mobile-header-display":"","site-post-title":"disabled","ast-breadcrumbs-content":"","ast-featured-img":"","footer-sml-layout":"","ast-disable-related-posts":"","theme-transparent-header-meta":"enabled","adv-header-id-meta":"","stick-header-meta":"","header-above-stick-meta":"","header-main-stick-meta":"","header-below-stick-meta":"","astra-migrate-meta-layouts":"set","ast-page-background-enabled":"default","ast-page-background-meta":{"desktop":{"background-color":"","background-image":"","background-repeat":"repeat","background-position":"center center","background-size":"auto","background-attachment":"scroll","background-type":"","background-media":"","overlay-type":"","overlay-color":"","overlay-opacity":"","overlay-gradient":""},"tablet":{"background-color":"","background-image":"","background-repeat":"repeat","background-position":"center center","background-size":"auto","background-attachment":"scroll","background-type":"","background-media":"","overlay-type":"","overlay-color":"","overlay-opacity":"","overlay-gradient":""},"mobile":{"background-color":"","background-image":"","background-repeat":"repeat","background-position":"center center","background-size":"auto","background-attachment":"scroll","background-type":"","background-media":"","overlay-type":"","overlay-color":"","overlay-opacity":"","overlay-gradient":""}},"ast-content-background-meta":{"desktop":{"background-color":"var(--ast-global-color-5)","background-image":"","background-repeat":"repeat","background-position":"center center","background-size":"auto","background-attachment":"scroll","background-type":"","background-media":"","overlay-type":"","overlay-color":"","overlay-opacity":"","overlay-gradient":""},"tablet":{"background-color":"var(--ast-global-color-5)","background-image":"","background-repeat":"repeat","background-position":"center center","background-size":"auto","background-attachment":"scroll","background-type":"","background-media":"","overlay-type":"","overlay-color":"","overlay-opacity":"","overlay-gradient":""},"mobile":{"background-color":"var(--ast-global-color-5)","background-image":"","background-repeat":"repeat","background-position":"center center","background-size":"auto","background-attachment":"scroll","background-type":"","background-media":"","overlay-type":"","overlay-color":"","overlay-opacity":"","overlay-gradient":""}},"footnotes":""},"class_list":["post-612","page","type-page","status-publish","hentry"],"aioseo_notices":[],"_hostinger_reach_plugin_has_subscription_block":false,"_hostinger_reach_plugin_is_elementor":false,"uagb_featured_image_src":{"full":false,"thumbnail":false,"medium":false,"medium_large":false,"large":false,"1536x1536":false,"2048x2048":false},"uagb_author_info":{"display_name":"Ram Trade Marketing","author_link":"https:\/\/blog.ramirocastrejon.com\/pt\/author\/joseluistrademarketing-lat\/"},"uagb_comment_info":0,"uagb_excerpt":"Ramiro Castrej\u00f3n: Ideas y an\u00e1lisis para convertir decisiones en resultados Estrategia, marketing y crecimiento desde el punto de venta suscribete a mi newsletter en linkedin +1,000 profesionales Mi experiencia en LATAM \u00daltimos Posts agenda una sesi\u00f3n conmigo Consultor\u00eda Estrat\u00e9gica Capacitaci\u00f3n Especializada Coaching y Speaking env\u00edame un mensaje a mi whatsapp","_links":{"self":[{"href":"https:\/\/blog.ramirocastrejon.com\/pt\/wp-json\/wp\/v2\/pages\/612","targetHints":{"allow":["GET"]}}],"collection":[{"href":"https:\/\/blog.ramirocastrejon.com\/pt\/wp-json\/wp\/v2\/pages"}],"about":[{"href":"https:\/\/blog.ramirocastrejon.com\/pt\/wp-json\/wp\/v2\/types\/page"}],"author":[{"embeddable":true,"href":"https:\/\/blog.ramirocastrejon.com\/pt\/wp-json\/wp\/v2\/users\/1"}],"replies":[{"embeddable":true,"href":"https:\/\/blog.ramirocastrejon.com\/pt\/wp-json\/wp\/v2\/comments?post=612"}],"version-history":[{"count":11,"href":"https:\/\/blog.ramirocastrejon.com\/pt\/wp-json\/wp\/v2\/pages\/612\/revisions"}],"predecessor-version":[{"id":1555,"href":"https:\/\/blog.ramirocastrejon.com\/pt\/wp-json\/wp\/v2\/pages\/612\/revisions\/1555"}],"wp:attachment":[{"href":"https:\/\/blog.ramirocastrejon.com\/pt\/wp-json\/wp\/v2\/media?parent=612"}],"curies":[{"name":"wp","href":"https:\/\/api.w.org\/{rel}","templated":true}]}}